{"id":13,"date":"2025-08-30T19:54:38","date_gmt":"2025-08-30T17:54:38","guid":{"rendered":"https:\/\/www.urmostanckor.hu\/?page_id=13"},"modified":"2026-05-12T10:49:58","modified_gmt":"2026-05-12T08:49:58","slug":"kezdolap","status":"publish","type":"page","link":"https:\/\/www.urmostanckor.hu\/","title":{"rendered":"Kezd\u0151lap"},"content":{"rendered":"<div class=\"wp-block-image is-style-default\">\n<figure class=\"aligncenter size-large is-resized\"><img loading=\"lazy\" decoding=\"async\" width=\"1024\" height=\"768\" src=\"https:\/\/www.urmostanckor.hu\/wp-content\/uploads\/2026\/05\/csoportkep-1024x768.jpg\" alt=\"\" class=\"wp-image-480\" style=\"width:515px;height:auto\" srcset=\"https:\/\/www.urmostanckor.hu\/wp-content\/uploads\/2026\/05\/csoportkep-1024x768.jpg 1024w, https:\/\/www.urmostanckor.hu\/wp-content\/uploads\/2026\/05\/csoportkep-300x225.jpg 300w, https:\/\/www.urmostanckor.hu\/wp-content\/uploads\/2026\/05\/csoportkep-768x576.jpg 768w, https:\/\/www.urmostanckor.hu\/wp-content\/uploads\/2026\/05\/csoportkep-1536x1152.jpg 1536w, https:\/\/www.urmostanckor.hu\/wp-content\/uploads\/2026\/05\/csoportkep-2048x1536.jpg 2048w\" sizes=\"auto, (max-width: 1024px) 100vw, 1024px\" \/><\/figure>\n<\/div>\n\n<div class=\"wp-block-image\">\n<figure class=\"aligncenter size-large is-resized\"><img loading=\"lazy\" decoding=\"async\" width=\"1024\" height=\"461\" src=\"https:\/\/www.urmostanckor.hu\/wp-content\/uploads\/2025\/08\/urmos_csoportkep-1024x461.jpg\" alt=\"\" class=\"wp-image-189\" style=\"width:568px;height:auto\" srcset=\"https:\/\/www.urmostanckor.hu\/wp-content\/uploads\/2025\/08\/urmos_csoportkep-1024x461.jpg 1024w, https:\/\/www.urmostanckor.hu\/wp-content\/uploads\/2025\/08\/urmos_csoportkep-300x135.jpg 300w, https:\/\/www.urmostanckor.hu\/wp-content\/uploads\/2025\/08\/urmos_csoportkep-768x346.jpg 768w, https:\/\/www.urmostanckor.hu\/wp-content\/uploads\/2025\/08\/urmos_csoportkep.jpg 1450w\" sizes=\"auto, (max-width: 1024px) 100vw, 1024px\" \/><\/figure>\n<\/div>\n\n\n<p class=\"has-text-align-center\"><em>\u201cA t\u00e1nc nem szenved\u00e9ly az elej\u00e9n, csak egy \u00e9let\u00e9rz\u00e9s, belekezdesz \u00e9s nem tudod abba hagyni!<br>Ekkor v\u00e1lik szenved\u00e9lly\u00e9!\u201d&nbsp; &nbsp;<\/em>(Tomcs\u00e1nyi Kata)<\/p>\n\n\n\n<div class=\"wp-block-buttons is-content-justification-center is-layout-flex wp-container-core-buttons-is-layout-64b26803 wp-block-buttons-is-layout-flex\">\n<div class=\"wp-block-button\"><a class=\"wp-block-button__link has-text-align-left wp-element-button\" href=\"https:\/\/www.urmostanckor.hu\/?page_id=19\">Legfrissebb esem\u00e9nyeink<\/a><\/div>\n<\/div>\n\n\n<ul class=\"wp-block-latest-posts__list is-grid columns-3 aligncenter wp-block-latest-posts\"><li><a class=\"wp-block-latest-posts__post-title\" href=\"https:\/\/www.urmostanckor.hu\/?p=473\">Szemeszterz\u00e1r\u00f3 t\u00e1nch\u00e1z<\/a><\/li>\n<li><a class=\"wp-block-latest-posts__post-title\" href=\"https:\/\/www.urmostanckor.hu\/?p=460\">4 kari tavaszv\u00e1r\u00f3<\/a><\/li>\n<li><a class=\"wp-block-latest-posts__post-title\" href=\"https:\/\/www.urmostanckor.hu\/?p=426\">Szemeszternyit\u00f3 T\u00e1nch\u00e1z<\/a><\/li>\n<\/ul>\n\n\n<div style=\"height:39px\" aria-hidden=\"true\" class=\"wp-block-spacer\"><\/div>\n\n\n\n<div class=\"wp-block-group is-vertical is-content-justification-center is-layout-flex wp-container-core-group-is-layout-4b2eccd6 wp-block-group-is-layout-flex\">\n<div class=\"wp-block-buttons is-content-justification-left is-layout-flex wp-container-core-buttons-is-layout-45245d17 wp-block-buttons-is-layout-flex\">\n<div class=\"wp-block-button\"><a class=\"wp-block-button__link has-text-align-left wp-element-button\" href=\"https:\/\/www.urmostanckor.hu\/?page_id=17\">K\u00e9pekben<\/a><\/div>\n<\/div>\n\n\n\n<figure class=\"wp-block-gallery has-nested-images columns-default is-cropped wp-block-gallery-1 is-layout-flex wp-block-gallery-is-layout-flex\">\n<figure class=\"wp-block-image size-large\"><img loading=\"lazy\" decoding=\"async\" width=\"1024\" height=\"578\" data-id=\"206\" src=\"https:\/\/www.urmostanckor.hu\/wp-content\/uploads\/2025\/09\/IMG_9072-1024x578.jpg\" alt=\"\" class=\"wp-image-206\" srcset=\"https:\/\/www.urmostanckor.hu\/wp-content\/uploads\/2025\/09\/IMG_9072-1024x578.jpg 1024w, https:\/\/www.urmostanckor.hu\/wp-content\/uploads\/2025\/09\/IMG_9072-300x169.jpg 300w, https:\/\/www.urmostanckor.hu\/wp-content\/uploads\/2025\/09\/IMG_9072-768x433.jpg 768w, https:\/\/www.urmostanckor.hu\/wp-content\/uploads\/2025\/09\/IMG_9072-1536x867.jpg 1536w, https:\/\/www.urmostanckor.hu\/wp-content\/uploads\/2025\/09\/IMG_9072-2048x1155.jpg 2048w\" sizes=\"auto, (max-width: 1024px) 100vw, 1024px\" \/><\/figure>\n\n\n\n<figure class=\"wp-block-image size-large\"><img loading=\"lazy\" decoding=\"async\" width=\"1024\" height=\"683\" data-id=\"231\" src=\"https:\/\/www.urmostanckor.hu\/wp-content\/uploads\/2025\/09\/DSC07291-1-1024x683.jpg\" alt=\"\" class=\"wp-image-231\" srcset=\"https:\/\/www.urmostanckor.hu\/wp-content\/uploads\/2025\/09\/DSC07291-1-1024x683.jpg 1024w, https:\/\/www.urmostanckor.hu\/wp-content\/uploads\/2025\/09\/DSC07291-1-300x200.jpg 300w, https:\/\/www.urmostanckor.hu\/wp-content\/uploads\/2025\/09\/DSC07291-1-768x512.jpg 768w, https:\/\/www.urmostanckor.hu\/wp-content\/uploads\/2025\/09\/DSC07291-1-1536x1024.jpg 1536w, https:\/\/www.urmostanckor.hu\/wp-content\/uploads\/2025\/09\/DSC07291-1-2048x1365.jpg 2048w\" sizes=\"auto, (max-width: 1024px) 100vw, 1024px\" \/><\/figure>\n\n\n\n<figure class=\"wp-block-image size-large\"><img loading=\"lazy\" decoding=\"async\" width=\"1024\" height=\"683\" data-id=\"234\" src=\"https:\/\/www.urmostanckor.hu\/wp-content\/uploads\/2025\/09\/DSC07324-1024x683.jpg\" alt=\"\" class=\"wp-image-234\" srcset=\"https:\/\/www.urmostanckor.hu\/wp-content\/uploads\/2025\/09\/DSC07324-1024x683.jpg 1024w, https:\/\/www.urmostanckor.hu\/wp-content\/uploads\/2025\/09\/DSC07324-300x200.jpg 300w, https:\/\/www.urmostanckor.hu\/wp-content\/uploads\/2025\/09\/DSC07324-768x512.jpg 768w, https:\/\/www.urmostanckor.hu\/wp-content\/uploads\/2025\/09\/DSC07324-1536x1024.jpg 1536w, https:\/\/www.urmostanckor.hu\/wp-content\/uploads\/2025\/09\/DSC07324-2048x1365.jpg 2048w\" sizes=\"auto, (max-width: 1024px) 100vw, 1024px\" \/><\/figure>\n<\/figure>\n<\/div>\n\n\n\n<div class=\"wp-block-group is-vertical is-layout-flex wp-container-core-group-is-layout-8cf370e7 wp-block-group-is-layout-flex\">\n<div class=\"wp-block-buttons is-layout-flex wp-block-buttons-is-layout-flex\"><\/div>\n<\/div>\n\n\n\n<div style=\"height:39px\" aria-hidden=\"true\" class=\"wp-block-spacer\"><\/div>\n\n\n\n<div class=\"wp-block-group is-vertical is-content-justification-center is-layout-flex wp-container-core-group-is-layout-4b2eccd6 wp-block-group-is-layout-flex\">\n<div class=\"wp-block-buttons is-content-justification-left is-layout-flex wp-container-core-buttons-is-layout-fdcfc74e wp-block-buttons-is-layout-flex\">\n<div class=\"wp-block-button\"><a class=\"wp-block-button__link wp-element-button\" href=\"https:\/\/www.urmostanckor.hu\/?page_id=15\">R\u00f3lunk<\/a><\/div>\n<\/div>\n<\/div>\n\n\n\n<h2 class=\"wp-block-heading has-text-align-center\">T\u00e1mogat\u00f3ink<\/h2>\n\n\n\n<figure class=\"wp-block-gallery alignwide has-nested-images columns-default is-cropped wp-block-gallery-2 is-layout-flex wp-block-gallery-is-layout-flex\">\n<figure class=\"wp-block-image size-full is-style-default\"><img loading=\"lazy\" decoding=\"async\" width=\"474\" height=\"474\" data-id=\"336\" src=\"https:\/\/www.urmostanckor.hu\/wp-content\/uploads\/2025\/10\/bethlen_alap.png\" alt=\"\" class=\"wp-image-336\" srcset=\"https:\/\/www.urmostanckor.hu\/wp-content\/uploads\/2025\/10\/bethlen_alap.png 474w, https:\/\/www.urmostanckor.hu\/wp-content\/uploads\/2025\/10\/bethlen_alap-300x300.png 300w, https:\/\/www.urmostanckor.hu\/wp-content\/uploads\/2025\/10\/bethlen_alap-150x150.png 150w\" sizes=\"auto, (max-width: 474px) 100vw, 474px\" \/><\/figure>\n\n\n\n<figure class=\"wp-block-image size-large\"><img loading=\"lazy\" decoding=\"async\" width=\"1024\" height=\"1024\" data-id=\"30\" src=\"https:\/\/www.urmostanckor.hu\/wp-content\/uploads\/2025\/08\/big_csoori_alap_rgb-4-1024x1024.png\" alt=\"\" class=\"wp-image-30\" srcset=\"https:\/\/www.urmostanckor.hu\/wp-content\/uploads\/2025\/08\/big_csoori_alap_rgb-4-1024x1024.png 1024w, https:\/\/www.urmostanckor.hu\/wp-content\/uploads\/2025\/08\/big_csoori_alap_rgb-4-300x300.png 300w, https:\/\/www.urmostanckor.hu\/wp-content\/uploads\/2025\/08\/big_csoori_alap_rgb-4-150x150.png 150w, https:\/\/www.urmostanckor.hu\/wp-content\/uploads\/2025\/08\/big_csoori_alap_rgb-4-768x768.png 768w, https:\/\/www.urmostanckor.hu\/wp-content\/uploads\/2025\/08\/big_csoori_alap_rgb-4-1536x1536.png 1536w, https:\/\/www.urmostanckor.hu\/wp-content\/uploads\/2025\/08\/big_csoori_alap_rgb-4-2048x2048.png 2048w\" sizes=\"auto, (max-width: 1024px) 100vw, 1024px\" \/><\/figure>\n\n\n\n<figure class=\"wp-block-image size-large\"><img loading=\"lazy\" decoding=\"async\" width=\"651\" height=\"651\" data-id=\"339\" src=\"https:\/\/www.urmostanckor.hu\/wp-content\/uploads\/2025\/10\/mk_logo.jpg\" alt=\"\" class=\"wp-image-339\" srcset=\"https:\/\/www.urmostanckor.hu\/wp-content\/uploads\/2025\/10\/mk_logo.jpg 651w, https:\/\/www.urmostanckor.hu\/wp-content\/uploads\/2025\/10\/mk_logo-300x300.jpg 300w, https:\/\/www.urmostanckor.hu\/wp-content\/uploads\/2025\/10\/mk_logo-150x150.jpg 150w\" sizes=\"auto, (max-width: 651px) 100vw, 651px\" \/><\/figure>\n<\/figure>\n","protected":false},"excerpt":{"rendered":"<p>\u201cA t\u00e1nc nem szenved\u00e9ly az elej\u00e9n, csak egy \u00e9let\u00e9rz\u00e9s, belekezdesz \u00e9s nem tudod abba hagyni!Ekkor v\u00e1lik szenved\u00e9lly\u00e9!\u201d&nbsp; &nbsp;(Tomcs\u00e1nyi Kata) T\u00e1mogat\u00f3ink<\/p>\n","protected":false},"author":1,"featured_media":0,"parent":0,"menu_order":0,"comment_status":"closed","ping_status":"closed","template":"","meta":{"footnotes":""},"class_list":["post-13","page","type-page","status-publish","hentry"],"_links":{"self":[{"href":"https:\/\/www.urmostanckor.hu\/index.php?rest_route=\/wp\/v2\/pages\/13","targetHints":{"allow":["GET"]}}],"collection":[{"href":"https:\/\/www.urmostanckor.hu\/index.php?rest_route=\/wp\/v2\/pages"}],"about":[{"href":"https:\/\/www.urmostanckor.hu\/index.php?rest_route=\/wp\/v2\/types\/page"}],"author":[{"embeddable":true,"href":"https:\/\/www.urmostanckor.hu\/index.php?rest_route=\/wp\/v2\/users\/1"}],"replies":[{"embeddable":true,"href":"https:\/\/www.urmostanckor.hu\/index.php?rest_route=%2Fwp%2Fv2%2Fcomments&post=13"}],"version-history":[{"count":53,"href":"https:\/\/www.urmostanckor.hu\/index.php?rest_route=\/wp\/v2\/pages\/13\/revisions"}],"predecessor-version":[{"id":487,"href":"https:\/\/www.urmostanckor.hu\/index.php?rest_route=\/wp\/v2\/pages\/13\/revisions\/487"}],"wp:attachment":[{"href":"https:\/\/www.urmostanckor.hu\/index.php?rest_route=%2Fwp%2Fv2%2Fmedia&parent=13"}],"curies":[{"name":"wp","href":"https:\/\/api.w.org\/{rel}","templated":true}]}}