{"id":19,"date":"2025-08-30T20:49:01","date_gmt":"2025-08-30T18:49:01","guid":{"rendered":"https:\/\/www.urmostanckor.hu\/?page_id=19"},"modified":"2025-09-02T17:43:29","modified_gmt":"2025-09-02T15:43:29","slug":"esemenynaptar","status":"publish","type":"page","link":"https:\/\/www.urmostanckor.hu\/?page_id=19","title":{"rendered":"Esem\u00e9nynapt\u00e1r"},"content":{"rendered":"<ul class=\"wp-block-latest-posts__list has-dates wp-block-latest-posts\"><li><a class=\"wp-block-latest-posts__post-title\" href=\"https:\/\/www.urmostanckor.hu\/?p=473\">Szemeszterz\u00e1r\u00f3 t\u00e1nch\u00e1z<\/a><time datetime=\"2026-04-22T19:39:54+02:00\" class=\"wp-block-latest-posts__post-date\">April 22, 2026<\/time><div class=\"wp-block-latest-posts__post-full-content\"><!-- wp:paragraph -->\n<p>Szeretettek v\u00e1runk minden kedves \u00e9rdekl\u0151d\u0151t, t\u00e1ncolni k\u00edv\u00e1n\u00f3t!<\/p>\n<!-- \/wp:paragraph -->\n\n<!-- wp:image {\"id\":475,\"sizeSlug\":\"large\",\"linkDestination\":\"none\"} -->\n<figure class=\"wp-block-image size-large\"><img loading=\"lazy\" decoding=\"async\" width=\"724\" height=\"1024\" src=\"https:\/\/www.urmostanckor.hu\/wp-content\/uploads\/2026\/04\/A4_jo-724x1024.png\" alt=\"\" class=\"wp-image-475\" srcset=\"https:\/\/www.urmostanckor.hu\/wp-content\/uploads\/2026\/04\/A4_jo-724x1024.png 724w, https:\/\/www.urmostanckor.hu\/wp-content\/uploads\/2026\/04\/A4_jo-212x300.png 212w, https:\/\/www.urmostanckor.hu\/wp-content\/uploads\/2026\/04\/A4_jo-768x1086.png 768w, https:\/\/www.urmostanckor.hu\/wp-content\/uploads\/2026\/04\/A4_jo-1086x1536.png 1086w, https:\/\/www.urmostanckor.hu\/wp-content\/uploads\/2026\/04\/A4_jo.png 1414w\" sizes=\"auto, (max-width: 724px) 100vw, 724px\" \/><\/figure>\n<!-- \/wp:image --><\/div><\/li>\n<li><a class=\"wp-block-latest-posts__post-title\" href=\"https:\/\/www.urmostanckor.hu\/?p=460\">4 kari tavaszv\u00e1r\u00f3<\/a><time datetime=\"2026-03-02T21:08:33+02:00\" class=\"wp-block-latest-posts__post-date\">March 2, 2026<\/time><div class=\"wp-block-latest-posts__post-full-content\"><!-- wp:paragraph -->\n<p>Szeretettel v\u00e1runk minden \u00e9rdekl\u0151d\u0151t az esti t\u00e1nch\u00e1zba!<\/p>\n<!-- \/wp:paragraph -->\n\n<!-- wp:image {\"id\":461,\"sizeSlug\":\"full\",\"linkDestination\":\"none\"} -->\n<figure class=\"wp-block-image size-full\"><img loading=\"lazy\" decoding=\"async\" width=\"960\" height=\"605\" src=\"https:\/\/www.urmostanckor.hu\/wp-content\/uploads\/2026\/03\/poszter.jpg\" alt=\"\" class=\"wp-image-461\" srcset=\"https:\/\/www.urmostanckor.hu\/wp-content\/uploads\/2026\/03\/poszter.jpg 960w, https:\/\/www.urmostanckor.hu\/wp-content\/uploads\/2026\/03\/poszter-300x189.jpg 300w, https:\/\/www.urmostanckor.hu\/wp-content\/uploads\/2026\/03\/poszter-768x484.jpg 768w\" sizes=\"auto, (max-width: 960px) 100vw, 960px\" \/><\/figure>\n<!-- \/wp:image -->\n\n<!-- wp:paragraph -->\n<p><a href=\"https:\/\/www.facebook.com\/events\/s\/4-kari-tavaszvaro\/4197570667169687\/?rdid=5vCgj72jWB6tW9Ix&amp;share_url=https%3A%2F%2Fwww.facebook.com%2Fshare%2F1Dk2zX7Lok%2F#\">4 Kari Tavaszv\u00e1r\u00f3 | Facebook<\/a><\/p>\n<!-- \/wp:paragraph -->\n\n<!-- wp:paragraph -->\n<p><\/p>\n<!-- \/wp:paragraph --><\/div><\/li>\n<li><a class=\"wp-block-latest-posts__post-title\" href=\"https:\/\/www.urmostanckor.hu\/?p=426\">Szemeszternyit\u00f3 T\u00e1nch\u00e1z<\/a><time datetime=\"2026-01-29T12:03:13+02:00\" class=\"wp-block-latest-posts__post-date\">January 29, 2026<\/time><div class=\"wp-block-latest-posts__post-full-content\"><!-- wp:paragraph -->\n<p><a href=\"https:\/\/www.facebook.com\/events\/748254101663521\/?acontext=%7B%22event_action_history%22%3A[%7B%22surface%22%3A%22search%22%7D%2C%7B%22mechanism%22%3A%22attachment%22%2C%22surface%22%3A%22newsfeed%22%7D]%2C%22ref_notif_type%22%3Anull%7D\">(1) Szemeszternyit\u00f3 t\u00e1nch\u00e1z | Facebook<\/a><\/p>\n<!-- \/wp:paragraph -->\n\n<!-- wp:image {\"id\":429,\"sizeSlug\":\"full\",\"linkDestination\":\"none\"} -->\n<figure class=\"wp-block-image size-full\"><img loading=\"lazy\" decoding=\"async\" width=\"679\" height=\"960\" src=\"https:\/\/www.urmostanckor.hu\/wp-content\/uploads\/2026\/01\/szemeszternyito_tanchaz.jpg\" alt=\"\" class=\"wp-image-429\" srcset=\"https:\/\/www.urmostanckor.hu\/wp-content\/uploads\/2026\/01\/szemeszternyito_tanchaz.jpg 679w, https:\/\/www.urmostanckor.hu\/wp-content\/uploads\/2026\/01\/szemeszternyito_tanchaz-212x300.jpg 212w\" sizes=\"auto, (max-width: 679px) 100vw, 679px\" \/><\/figure>\n<!-- \/wp:image --><\/div><\/li>\n<li><a class=\"wp-block-latest-posts__post-title\" href=\"https:\/\/www.urmostanckor.hu\/?p=424\">Adventi gyertyagy\u00fajt\u00e1s<\/a><time datetime=\"2025-12-18T19:54:31+02:00\" class=\"wp-block-latest-posts__post-date\">December 18, 2025<\/time><div class=\"wp-block-latest-posts__post-full-content\"><!-- wp:paragraph -->\n<p>K\u00f6sz\u00f6nj\u00fck a lehet\u0151s\u00e9get, hogy szolg\u00e1lhattunk!<\/p>\n<!-- \/wp:paragraph -->\n\n<!-- wp:paragraph -->\n<p><a href=\"https:\/\/www.facebook.com\/urmostanckor\/posts\/pfbid0oSohzuK1dweRDQVDkSqJJ1FA5XXS6tDomfpSvtputC4nYQEZ6d17wRPSouwdbG3Jl\">Facebook<\/a><\/p>\n<!-- \/wp:paragraph --><\/div><\/li>\n<li><a class=\"wp-block-latest-posts__post-title\" href=\"https:\/\/www.urmostanckor.hu\/?p=416\">Adventi T\u00e1nch\u00e1z<\/a><time datetime=\"2025-12-02T16:55:58+02:00\" class=\"wp-block-latest-posts__post-date\">December 2, 2025<\/time><div class=\"wp-block-latest-posts__post-full-content\"><!-- wp:paragraph -->\n<p>Szeretettel megh\u00edvunk minden \u00e9rdekl\u0151d\u0151t decemberi t\u00e1nch\u00e1zunkra!<br><a href=\"https:\/\/www.facebook.com\/events\/725506913330684\/?acontext=%7B%22event_action_history%22%3A[%7B%22mechanism%22%3A%22attachment%22%2C%22surface%22%3A%22newsfeed%22%7D]%2C%22ref_notif_type%22%3Anull%7D\">Adventi T\u00e1nch\u00e1z | Facebook<\/a><\/p>\n<!-- \/wp:paragraph -->\n\n<!-- wp:image {\"id\":417,\"sizeSlug\":\"full\",\"linkDestination\":\"none\"} -->\n<figure class=\"wp-block-image size-full\"><img loading=\"lazy\" decoding=\"async\" width=\"679\" height=\"960\" src=\"https:\/\/www.urmostanckor.hu\/wp-content\/uploads\/2025\/12\/adventi_tanchaz.jpg\" alt=\"\" class=\"wp-image-417\" srcset=\"https:\/\/www.urmostanckor.hu\/wp-content\/uploads\/2025\/12\/adventi_tanchaz.jpg 679w, https:\/\/www.urmostanckor.hu\/wp-content\/uploads\/2025\/12\/adventi_tanchaz-212x300.jpg 212w\" sizes=\"auto, (max-width: 679px) 100vw, 679px\" \/><\/figure>\n<!-- \/wp:image --><\/div><\/li>\n<li><a class=\"wp-block-latest-posts__post-title\" href=\"https:\/\/www.urmostanckor.hu\/?p=409\">Cso\u00f3ri S\u00e1ndor Oklev\u00e9l<\/a><time datetime=\"2025-11-03T20:43:35+02:00\" class=\"wp-block-latest-posts__post-date\">November 3, 2025<\/time><div class=\"wp-block-latest-posts__post-full-content\"><!-- wp:paragraph -->\n<p><a href=\"https:\/\/www.facebook.com\/photo?fbid=1467121571030699&amp;set=gm.24727265056974745&amp;idorvanity=728955897232330\">Facebook<\/a><\/p>\n<!-- \/wp:paragraph -->\n\n<!-- wp:image {\"id\":410,\"sizeSlug\":\"full\",\"linkDestination\":\"none\"} -->\n<figure class=\"wp-block-image size-full\"><img loading=\"lazy\" decoding=\"async\" width=\"526\" height=\"526\" src=\"https:\/\/www.urmostanckor.hu\/wp-content\/uploads\/2025\/11\/oklevel_csoori.jpg\" alt=\"\" class=\"wp-image-410\" srcset=\"https:\/\/www.urmostanckor.hu\/wp-content\/uploads\/2025\/11\/oklevel_csoori.jpg 526w, https:\/\/www.urmostanckor.hu\/wp-content\/uploads\/2025\/11\/oklevel_csoori-300x300.jpg 300w, https:\/\/www.urmostanckor.hu\/wp-content\/uploads\/2025\/11\/oklevel_csoori-150x150.jpg 150w\" sizes=\"auto, (max-width: 526px) 100vw, 526px\" \/><\/figure>\n<!-- \/wp:image --><\/div><\/li>\n<li><a class=\"wp-block-latest-posts__post-title\" href=\"https:\/\/www.urmostanckor.hu\/?p=405\">T\u00e1nch\u00e1z Nemez Band\u00e1val<\/a><time datetime=\"2025-10-22T15:06:53+02:00\" class=\"wp-block-latest-posts__post-date\">October 22, 2025<\/time><div class=\"wp-block-latest-posts__post-full-content\"><!-- wp:paragraph -->\n<p>Szeretettel megh\u00edvunk minden \u00e9rdekl\u0151d\u0151t az \u00e1ltalunk szervezett t\u00e1nch\u00e1zra!<\/p>\n<!-- \/wp:paragraph -->\n\n<!-- wp:paragraph -->\n<p><a href=\"https:\/\/www.facebook.com\/events\/4110296965889773?post_id=4110450492541087&amp;acontext=%7B%22event_action_history%22%3A[%7B%22surface%22%3A%22external%22%7D%2C%7B%22mechanism%22%3A%22attachment_media%22%2C%22surface%22%3A%22newsfeed%22%7D]%2C%22ref_notif_type%22%3Anull%7D\">\u0150szi t\u00e1nch\u00e1z | Facebook<\/a><\/p>\n<!-- \/wp:paragraph --><\/div><\/li>\n<li><a class=\"wp-block-latest-posts__post-title\" href=\"https:\/\/www.urmostanckor.hu\/?p=382\">Cseh-Est<\/a><time datetime=\"2025-10-17T18:59:09+02:00\" class=\"wp-block-latest-posts__post-date\">October 17, 2025<\/time><div class=\"wp-block-latest-posts__post-full-content\"><!-- wp:paragraph -->\n<p>Szerda este rendezt\u00e9k a <a href=\"https:\/\/www.facebook.com\/soeligneum?__cft__[0]=AZX3rNkoRMnYuR3uK_55ioINSaUX8YmT4tQ2FyoMqgwcsGCNDOvr1suJtCzfy1wiNzElfdjd0Z3FVhmVLawlBGmPOqMxPq3SmJZbrJhU3cizMRhILLpd1AyVuwR1gv9ZWvO8rVLc4b7Wu0QmvHfg1SvZ4J5kYTpxTfqsnkylNnRSkQ&amp;__tn__=-]K-R\">Ligneum L\u00e1togat\u00f3k\u00f6zpont &#8211; Soproni Egyetem<\/a>-ban a Cseh \u0150sz rendezv\u00e9nysorozat keretein bel\u00fcl a Cseh Estet. Amelyre t\u00e1nck\u00f6r\u00fcnk is felk\u00e9r\u00e9st kapott, hogy mutassuk be n\u00e9pi \u00e9rt\u00e9keinket.<\/p>\n<!-- \/wp:paragraph -->\n\n<!-- wp:paragraph -->\n<p>Az este sor\u00e1n egy kis Szil\u00e1gys\u00e1gi bemutat\u00f3val k\u00e9sz\u00fclt\u00fcnk majd egy r\u00f6gt\u00f6nz\u00f6tt t\u00e1nch\u00e1zat tartottunk vend\u00e9geinknek.<\/p>\n<!-- \/wp:paragraph -->\n\n<!-- wp:paragraph -->\n<p>M\u00e9gegyszer k\u00f6sz\u00f6nj\u00fck a lehet\u0151s\u00e9get!<\/p>\n<!-- \/wp:paragraph -->\n\n<!-- wp:paragraph -->\n<p><a href=\"https:\/\/www.facebook.com\/urmostanckor\/posts\/pfbid02jY3r9LGhs9Wn3ppDS5C67ZGy42NWhbwCafLBMXZHWxjeNmHya54WMCDeuezPYHagl\">Facebook<\/a><\/p>\n<!-- \/wp:paragraph --><\/div><\/li>\n<li><a class=\"wp-block-latest-posts__post-title\" href=\"https:\/\/www.urmostanckor.hu\/?p=322\">R\u00f6ppenj pulyka 2025<\/a><time datetime=\"2025-10-06T10:52:22+02:00\" class=\"wp-block-latest-posts__post-date\">October 6, 2025<\/time><div class=\"wp-block-latest-posts__post-full-content\"><!-- wp:paragraph -->\n<p>2025. okt\u00f3ber 18-\u00e1n este tal\u00e1lkozzunk a mosonszentmikl\u00f3si Kossuth Lajos M\u0171vel\u0151d\u00e9si H\u00e1zban, \u00e9s t\u00f6lts\u00fck meg a termet t\u00e1nccal, dallal, j\u00f3kedvvel! A bel\u00e9p\u00e9s d\u00edjtalan, a hangulat garant\u00e1lt \u2013 m\u00e1r csak Te hi\u00e1nyzol, gyere! Mi k\u00e9sz\u00fcl\u00fcnk!!!<\/p>\n<!-- \/wp:paragraph -->\n\n<!-- wp:paragraph -->\n<p><a href=\"https:\/\/allevents.in\/gyor\/r%C3%B6ppenj-pulyka-avagy-a-10-r%C3%B6ppenj-pulyka-mosonszentmikl%C3%B3si-n%C3%A9pt%C3%A1ncg%C3%A1la\/200029015700321\">\u201cR\u00f6ppenj Pulyka\u201d avagy a 10. R\u00f6ppenj Pulyka -Mosonszentmikl\u00f3si N\u00e9pt\u00e1ncg\u00e1la, Kossuth t\u00e9r 1., Mosonszentmikl\u00f3s, Gyor, 18 October 2025 | AllEvents<\/a><\/p>\n<!-- \/wp:paragraph --><\/div><\/li>\n<li><a class=\"wp-block-latest-posts__post-title\" href=\"https:\/\/www.urmostanckor.hu\/?p=319\">Welcome day 2025<\/a><time datetime=\"2025-10-06T10:47:25+02:00\" class=\"wp-block-latest-posts__post-date\">October 6, 2025<\/time><div class=\"wp-block-latest-posts__post-full-content\"><!-- wp:paragraph -->\n<p>We are happy to invite our international students, their mentors and Hungarian students to our traditional Spring Semester\u00a0Welcome Day\u00a0\u2013 Intercultural Event organized for greeting our new International students, for sharing information on Hungarian carnival traditions, and for learning about different cultures and countries our students come from. It is an exciting event with presentations, surprise performances, snacks, and chats!<\/p>\n<!-- \/wp:paragraph -->\n\n<!-- wp:paragraph -->\n<p>Szeretettel h\u00edvjuk meg nemzetk\u00f6zi hallgat\u00f3inkat, mentoraikat \u00e9s magyar hallgat\u00f3inkat hagyom\u00e1nyos Tavaszi f\u00e9l\u00e9vnyit\u00f3 \u2013 Interkultur\u00e1lis rendezv\u00e9ny\u00fcnkre, amelyet \u00faj nemzetk\u00f6zi hallgat\u00f3ink k\u00f6sz\u00f6nt\u00e9s\u00e9re, a magyar hagyom\u00e1nyok bemutat\u00e1s\u00e1ra, valamint a k\u00fcl\u00f6nb\u00f6z\u0151 kult\u00far\u00e1k \u00e9s orsz\u00e1gok megismer\u00e9s\u00e9re szervez\u00fcnk.<br>Ez egy izgalmas esem\u00e9ny lesz el\u0151ad\u00e1sokkal, meglepet\u00e9s-produkci\u00f3kkal, harapnival\u00f3kkal \u00e9s k\u00f6tetlen besz\u00e9lget\u00e9sekkel!<\/p>\n<!-- \/wp:paragraph -->\n\n<!-- wp:paragraph -->\n<p>The event will be held on\/Az esem\u00e9ny ekkor lesz: 2025.10.16.<\/p>\n<!-- \/wp:paragraph -->\n\n<!-- wp:paragraph -->\n<p><a href=\"https:\/\/international.uni-sopron.hu\/spring-semester-welcome-day-2025\">UNIVERSITY OF SOPRON &#8211; Spring Semester Welcome Day 2025<\/a><\/p>\n<!-- \/wp:paragraph --><\/div><\/li>\n<li><a class=\"wp-block-latest-posts__post-title\" href=\"https:\/\/www.urmostanckor.hu\/?p=266\">Magyar Banda koncert<\/a><time datetime=\"2025-09-02T17:35:49+02:00\" class=\"wp-block-latest-posts__post-date\">September 2, 2025<\/time><div class=\"wp-block-latest-posts__post-full-content\"><!-- wp:paragraph -->\n<p>A n\u00e9pzene szeret\u0151inek melegen aj\u00e1nljuk!<br><a href=\"https:\/\/www.facebook.com\/events\/s\/magyar-banda-18-kon\/1131610682169926\/?rdid=SxApoVUt2r8arQo8&amp;share_url=https%3A%2F%2Fwww.facebook.com%2Fshare%2F1Cf3Fai3K5%2F#\">Magyar Banda \/\/ 18. K\u00d6N | Facebook<\/a><\/p>\n<!-- \/wp:paragraph --><\/div><\/li>\n<li><a class=\"wp-block-latest-posts__post-title\" href=\"https:\/\/www.urmostanckor.hu\/?p=261\">Tagtoborz\u00f3 T\u00e1nch\u00e1z<\/a><time datetime=\"2025-09-02T17:31:20+02:00\" class=\"wp-block-latest-posts__post-date\">September 2, 2025<\/time><div class=\"wp-block-latest-posts__post-full-content\"><!-- wp:paragraph -->\n<p>Szeretettel v\u00e1runk mindenkit a 2025\/2026-os tan\u00e9v els\u0151 t\u00e1nch\u00e1z\u00e1ra szeptember 9-\u00e9n kedden 8 \u00f3rakor!<br><a href=\"https:\/\/www.facebook.com\/events\/1322396709475228\/?acontext=%7B%22event_action_history%22%3A[%7B%22mechanism%22%3A%22attachment%22%2C%22surface%22%3A%22newsfeed%22%7D]%2C%22ref_notif_type%22%3Anull%7D\">Tagtoborz\u00f3 T\u00e1nch\u00e1z | Facebook<\/a><\/p>\n<!-- \/wp:paragraph -->\n\n<!-- wp:paragraph -->\n<p><\/p>\n<!-- \/wp:paragraph -->\n\n<!-- wp:paragraph -->\n<p><\/p>\n<!-- \/wp:paragraph --><\/div><\/li>\n<\/ul>\n\n\n<p><\/p>\n","protected":false},"excerpt":{"rendered":"","protected":false},"author":1,"featured_media":0,"parent":0,"menu_order":0,"comment_status":"closed","ping_status":"closed","template":"","meta":{"footnotes":""},"class_list":["post-19","page","type-page","status-publish","hentry"],"_links":{"self":[{"href":"https:\/\/www.urmostanckor.hu\/index.php?rest_route=\/wp\/v2\/pages\/19","targetHints":{"allow":["GET"]}}],"collection":[{"href":"https:\/\/www.urmostanckor.hu\/index.php?rest_route=\/wp\/v2\/pages"}],"about":[{"href":"https:\/\/www.urmostanckor.hu\/index.php?rest_route=\/wp\/v2\/types\/page"}],"author":[{"embeddable":true,"href":"https:\/\/www.urmostanckor.hu\/index.php?rest_route=\/wp\/v2\/users\/1"}],"replies":[{"embeddable":true,"href":"https:\/\/www.urmostanckor.hu\/index.php?rest_route=%2Fwp%2Fv2%2Fcomments&post=19"}],"version-history":[{"count":3,"href":"https:\/\/www.urmostanckor.hu\/index.php?rest_route=\/wp\/v2\/pages\/19\/revisions"}],"predecessor-version":[{"id":122,"href":"https:\/\/www.urmostanckor.hu\/index.php?rest_route=\/wp\/v2\/pages\/19\/revisions\/122"}],"wp:attachment":[{"href":"https:\/\/www.urmostanckor.hu\/index.php?rest_route=%2Fwp%2Fv2%2Fmedia&parent=19"}],"curies":[{"name":"wp","href":"https:\/\/api.w.org\/{rel}","templated":true}]}}