{"id":21,"date":"2025-08-30T20:49:26","date_gmt":"2025-08-30T18:49:26","guid":{"rendered":"https:\/\/www.urmostanckor.hu\/?page_id=21"},"modified":"2025-10-09T12:17:24","modified_gmt":"2025-10-09T10:17:24","slug":"kapcsolat","status":"publish","type":"page","link":"https:\/\/www.urmostanckor.hu\/?page_id=21","title":{"rendered":"Kapcsolat"},"content":{"rendered":"\n<div class=\"wp-block-buttons alignwide is-content-justification-center is-layout-flex wp-container-core-buttons-is-layout-16018d1d wp-block-buttons-is-layout-flex\">\n<div class=\"wp-block-button\"><a class=\"wp-block-button__link wp-element-button\" href=\"https:\/\/maps.app.goo.gl\/s2r41wjYQuYjZHs69\">Pr\u00f3b\u00e1k helysz\u00edne<\/a><\/div>\n<\/div>\n\n\n\n<p class=\"has-text-align-center has-medium-font-size\">9400 Sopron, Pet\u0151fi t\u00e9r 6<\/p>\n\n\n\n<p class=\"has-text-align-center has-medium-font-size\"><strong>El\u00e9rhet\u0151s\u00e9gek<\/strong><\/p>\n\n\n\n<p class=\"has-text-align-center has-medium-font-size\">urmostanccsoport@gmail.com<br>zurmos@gmail.com<\/p>\n\n\n\n<div style=\"height:21px\" aria-hidden=\"true\" class=\"wp-block-spacer\"><\/div>\n\n\n\n<p class=\"has-text-align-center has-medium-font-size\">Major Gergely eln\u00f6k<br>+36 70 631 5966<\/p>\n\n\n\n<p class=\"has-text-align-center has-medium-font-size\"><br>Tak\u00e1cs Petra aleln\u00f6k<br>+36 20 378 7177<\/p>\n\n\n\n<p class=\"has-text-align-center has-medium-font-size\"><br>Benke D\u00e9nes aleln\u00f6k<\/p>\n\n\n\n<div style=\"height:21px\" aria-hidden=\"true\" class=\"wp-block-spacer\"><\/div>\n\n\n\n<p class=\"has-text-align-center has-medium-font-size\"><strong>Pr\u00f3b\u00e1k id\u0151pontjai<\/strong><\/p>\n\n\n\n<p class=\"has-text-align-center has-medium-font-size\">Kedd 19:30 &#8211; 22:00<br>Cs\u00fct\u00f6rt\u00f6k 19:30 &#8211; 22:00<\/p>\n","protected":false},"excerpt":{"rendered":"<p>9400 Sopron, Pet\u0151fi t\u00e9r 6 El\u00e9rhet\u0151s\u00e9gek urmostanccsoport@gmail.comzurmos@gmail.com Major Gergely eln\u00f6k+36 70 631 5966 Tak\u00e1cs Petra aleln\u00f6k+36 20 378 7177 Benke D\u00e9nes aleln\u00f6k Pr\u00f3b\u00e1k id\u0151pontjai Kedd 19:30 &#8211; 22:00Cs\u00fct\u00f6rt\u00f6k 19:30 &#8211; 22:00<\/p>\n","protected":false},"author":1,"featured_media":0,"parent":0,"menu_order":0,"comment_status":"closed","ping_status":"closed","template":"","meta":{"footnotes":""},"class_list":["post-21","page","type-page","status-publish","hentry"],"_links":{"self":[{"href":"https:\/\/www.urmostanckor.hu\/index.php?rest_route=\/wp\/v2\/pages\/21","targetHints":{"allow":["GET"]}}],"collection":[{"href":"https:\/\/www.urmostanckor.hu\/index.php?rest_route=\/wp\/v2\/pages"}],"about":[{"href":"https:\/\/www.urmostanckor.hu\/index.php?rest_route=\/wp\/v2\/types\/page"}],"author":[{"embeddable":true,"href":"https:\/\/www.urmostanckor.hu\/index.php?rest_route=\/wp\/v2\/users\/1"}],"replies":[{"embeddable":true,"href":"https:\/\/www.urmostanckor.hu\/index.php?rest_route=%2Fwp%2Fv2%2Fcomments&post=21"}],"version-history":[{"count":27,"href":"https:\/\/www.urmostanckor.hu\/index.php?rest_route=\/wp\/v2\/pages\/21\/revisions"}],"predecessor-version":[{"id":367,"href":"https:\/\/www.urmostanckor.hu\/index.php?rest_route=\/wp\/v2\/pages\/21\/revisions\/367"}],"wp:attachment":[{"href":"https:\/\/www.urmostanckor.hu\/index.php?rest_route=%2Fwp%2Fv2%2Fmedia&parent=21"}],"curies":[{"name":"wp","href":"https:\/\/api.w.org\/{rel}","templated":true}]}}