{"id":23,"date":"2025-08-30T19:47:51","date_gmt":"2025-08-30T17:47:51","guid":{"rendered":"https:\/\/www.urmostanckor.hu\/?page_id=23"},"modified":"2025-10-09T12:24:09","modified_gmt":"2025-10-09T10:24:09","slug":"csoori-palyazat","status":"publish","type":"page","link":"https:\/\/www.urmostanckor.hu\/?page_id=23","title":{"rendered":"Cso\u00f3ri P\u00e1ly\u00e1zat"},"content":{"rendered":"\n<figure class=\"wp-block-gallery has-nested-images columns-default is-cropped wp-block-gallery-1 is-layout-flex wp-block-gallery-is-layout-flex\">\n<figure class=\"wp-block-image size-large\"><img loading=\"lazy\" decoding=\"async\" width=\"651\" height=\"651\" data-id=\"339\" src=\"https:\/\/www.urmostanckor.hu\/wp-content\/uploads\/2025\/10\/mk_logo.jpg\" alt=\"\" class=\"wp-image-339\" srcset=\"https:\/\/www.urmostanckor.hu\/wp-content\/uploads\/2025\/10\/mk_logo.jpg 651w, https:\/\/www.urmostanckor.hu\/wp-content\/uploads\/2025\/10\/mk_logo-300x300.jpg 300w, https:\/\/www.urmostanckor.hu\/wp-content\/uploads\/2025\/10\/mk_logo-150x150.jpg 150w\" sizes=\"auto, (max-width: 651px) 100vw, 651px\" \/><\/figure>\n\n\n\n<figure class=\"wp-block-image size-large\"><img loading=\"lazy\" decoding=\"async\" width=\"1024\" height=\"1024\" data-id=\"30\" src=\"https:\/\/www.urmostanckor.hu\/wp-content\/uploads\/2025\/08\/big_csoori_alap_rgb-4-1024x1024.png\" alt=\"\" class=\"wp-image-30\" srcset=\"https:\/\/www.urmostanckor.hu\/wp-content\/uploads\/2025\/08\/big_csoori_alap_rgb-4-1024x1024.png 1024w, https:\/\/www.urmostanckor.hu\/wp-content\/uploads\/2025\/08\/big_csoori_alap_rgb-4-300x300.png 300w, https:\/\/www.urmostanckor.hu\/wp-content\/uploads\/2025\/08\/big_csoori_alap_rgb-4-150x150.png 150w, https:\/\/www.urmostanckor.hu\/wp-content\/uploads\/2025\/08\/big_csoori_alap_rgb-4-768x768.png 768w, https:\/\/www.urmostanckor.hu\/wp-content\/uploads\/2025\/08\/big_csoori_alap_rgb-4-1536x1536.png 1536w, https:\/\/www.urmostanckor.hu\/wp-content\/uploads\/2025\/08\/big_csoori_alap_rgb-4-2048x2048.png 2048w\" sizes=\"auto, (max-width: 1024px) 100vw, 1024px\" \/><\/figure>\n<\/figure>\n\n\n\n<p id=\"wnd_TextBlock_69472_inner_0\"><strong>Besz\u00e1mol\u00f3<\/strong><\/p>\n\n\n\n<p id=\"wnd_TextBlock_69472_inner_1\"><strong>CSSP-NEPTANC-MO-2022-0219<\/strong><\/p>\n\n\n\n<p id=\"wnd_TextBlock_69472_inner_3\">A 2022. \u00e9vi Cso\u00f3ri S\u00e1ndor P\u00e1ly\u00e1zat nagym\u00e9rt\u00e9kben hozz\u00e1j\u00e1rult egy\u00fcttes\u00fcnk szellemi b\u0151v\u00edt\u00e9s\u00e9hez.<\/p>\n\n\n\n<div style=\"height:19px\" aria-hidden=\"true\" class=\"wp-block-spacer\"><\/div>\n\n\n\n<p id=\"wnd_TextBlock_69472_inner_5\">A 2022\/23-as tan\u00e9v \u0151szi f\u00e9l\u00e9v\u00e9t tagtoborz\u00f3 jelleg\u0171 t\u00e1nch\u00e1zzal kezdhett\u00fck, ahol moldvai t\u00e1ncokkal ismerkedhettek meg a r\u00e9sztvev\u0151k. Itt Jakabffy Bal\u00e1zs \u00e9s bar\u00e1tai zen\u00e9ltek. A zenekar d\u00edj\u00e1t a Cso\u00f3ri S\u00e1ndor P\u00e1ly\u00e1zat seg\u00edts\u00e9g\u00e9vel tudtuk kifizetni.A t\u00e1nch\u00e1znak k\u00f6sz\u00f6nhet\u0151en, egyes\u00fclet\u00fcnk \u00faj tagokkal b\u0151v\u00fclt.<\/p>\n\n\n\n<div style=\"height:19px\" aria-hidden=\"true\" class=\"wp-block-spacer\"><\/div>\n\n\n\n<p id=\"wnd_TextBlock_69472_inner_6\">Az \u00dcrm\u00f6s T\u00e1nck\u00f6r m\u00e1jus v\u00e9g\u00e9n \u00fcnnepelte fenn\u00e1ll\u00e1s\u00e1nak 40. \u00e9vfordul\u00f3j\u00e1t. Ezen alkalomb\u00f3l jubileumi tal\u00e1lkoz\u00f3t szervezt\u00fcnk, melynek keret\u00e9n bel\u00fcl a Kal\u00e1sz Banda h\u00fazott nek\u00fcnk dallamokat Erd\u00e9ly minden t\u00e1j\u00e1r\u00f3l. A zenekar honor\u00e1rium\u00e1nak egy r\u00e9sz\u00e9t az elnyert p\u00e1ly\u00e1zati p\u00e9nzb\u0151l fedezt\u00fck. Az \u00e9vfordul\u00f3 alkalm\u00e1b\u00f3l k\u00e9pki\u00e1ll\u00edt\u00e1st k\u00e9sz\u00edtett\u00fcnk az elm\u00falt 40 \u00e9vr\u0151l, majd g\u00e1lam\u0171sorban mutattuk be t\u00e1nctud\u00e1sunkat a k\u00f6z\u00f6ns\u00e9gnek, majd hajnalig tart\u00f3 t\u00e1nch\u00e1zzal biztos\u00edtottuk a felh\u0151tlen j\u00f3kedvet. A g\u00e1lam\u0171sor keret\u00e9n bel\u00fcl vajdaszentiv\u00e1nyi, ny\u00e1r\u00e1dmagyar\u00f3si, mez\u0151madarasi \u00e9s mez\u0151s\u00e9gi t\u00e1ncokat mutattunk be. Megh\u00edvott fell\u00e9p\u0151kk\u00e9nt bar\u00e1taink, a mosonszentmikl\u00f3si D\u00f6gl\u00f6tt R\u00e1bca \u00e9s a PHD Ifj\u00fas\u00e1gi t\u00e1nccsoport mutattak be k\u00f6z\u00f6sen hortob\u00e1gyi t\u00e1ncokat. A 40 \u00e9ves jubileumi esem\u00e9nysorozatra k\u00e9sz\u00fclve k\u00e9t h\u00e9tv\u00e9gi t\u00e1nct\u00e1bort szervezt\u00fcnk, melyeken Varga J\u00e1nos \u00fatmutat\u00e1s\u00e1val a ny\u00e1r\u00e1dmagyar\u00f3si \u00e9s mez\u0151madarasi t\u00e1ncok elsaj\u00e1t\u00edt\u00e1s\u00e1ra volt lehet\u0151s\u00e9g\u00fcnk.<\/p>\n\n\n\n<div style=\"height:19px\" aria-hidden=\"true\" class=\"wp-block-spacer\"><\/div>\n\n\n\n<p id=\"wnd_TextBlock_69472_inner_7\">Decemberi \u00e9s m\u00e1rciusi t\u00e1nch\u00e1zunknak pr\u00f3baterm\u00fcnk adott otthont, melynek b\u00e9rl\u00e9se nem val\u00f3sulhatott volna meg a Cso\u00f3ri S\u00e1ndor P\u00e1ly\u00e1zat t\u00e1mogat\u00e1sa n\u00e9lk\u00fcl. A t\u00e1nch\u00e1zak rendszeres szervez\u00e9se seg\u00edtette egy\u00fcttes\u00fcnk sz\u00e9lesebb k\u00f6rben val\u00f3 megismertet\u00e9s\u00e9t az egyetemist\u00e1k, illetve a v\u00e1rosi n\u00e9pt\u00e1nckedvel\u0151k k\u00f6r\u00e9ben. A t\u00e1nch\u00e1zak ut\u00e1n, tavasszal ism\u00e9t t\u00f6bben csatlakoztak t\u00e1nck\u00f6r\u00fcnkh\u00f6z.<\/p>\n\n\n\n<div style=\"height:19px\" aria-hidden=\"true\" class=\"wp-block-spacer\"><\/div>\n\n\n\n<p id=\"wnd_TextBlock_69472_inner_8\">Az elm\u00falt tan\u00e9v sor\u00e1n, a kor\u00e1bban tanult mez\u0151s\u00e9gi \u00e9s vajdaszentiv\u00e1nyi t\u00e1ncok ismeret\u00e9be vezett\u00fck be az \u00faj tagjainkat. Elkezdhett\u00fcnk \u00faj t\u00e1ncanyagot tanulni, ny\u00e1r\u00e1dmagyar\u00f3sit \u00e9s mez\u0151madarasit Varga J\u00e1nos vezet\u00e9s\u00e9vel.<\/p>\n\n\n\n<div style=\"height:19px\" aria-hidden=\"true\" class=\"wp-block-spacer\"><\/div>\n\n\n\n<p><strong>CSSP-NEPTANC-MI-2024-0187, CSSP-TANCHAZ-2024-0144<\/strong><\/p>\n\n\n\n<p>Csoportunk sz\u00e1m\u00e1ra a t\u00e1mogat\u00e1s legf\u0151bb c\u00e9lja, hogy \u00faj t\u00e1ncanyagokat saj\u00e1t\u00edthassunk el, lehet\u0151s\u00e9g\u00fcnk legyen \u00e9l\u0151 zen\u00e9re t\u00e1ncolni, b\u0151v\u00edts\u00fck viselett\u00e1runkat, \u00e9s mindezek \u00e1ltal n\u00e9pszer\u0171s\u00edts\u00fck a magyar n\u00e9pt\u00e1ncot \u00e9s n\u00e9pzen\u00e9t, valamint er\u0151s\u00edts\u00fck \u00e9s gyarap\u00edtsuk k\u00f6z\u00f6ss\u00e9g\u00fcnket.<\/p>\n\n\n\n<div style=\"height:19px\" aria-hidden=\"true\" class=\"wp-block-spacer\"><\/div>\n\n\n\n<p>A kapott t\u00e1mogat\u00e1sokb\u00f3l t\u00e1nch\u00e1zainkat finansz\u00edroztuk, az ott zen\u00e9l\u0151 Band\u00e1k tiszteletd\u00edj\u00e1t, esetleges teremk\u00f6lts\u00e9get. Emelett k\u00f6t\u00e9nyeket varrattunk, sz\u00e9kelyharisny\u00e1inkat szabattuk \u00e1t valamint tan\u00e1rainkat fizett\u00fck, akik a koreogr\u00e1fi\u00e1inkat oktatt\u00e1k. T\u00e1nch\u00e1zainkkal \u00e9s egy\u00e9b kultur\u00e1lis rendezv\u00e9nyeinkkel n\u00e9pszer\u0171s\u00edtett\u00fck a n\u00e9pi kult\u00fara \u00e9s t\u00e1nc vil\u00e1g\u00e1t.<\/p>\n\n\n\n<div style=\"height:19px\" aria-hidden=\"true\" class=\"wp-block-spacer\"><\/div>\n\n\n\n<p id=\"wnd_TextBlock_69472_inner_9\">K\u00f6sz\u00f6nj\u00fck sz\u00e9pen a t\u00e1mogat\u00e1st a Cso\u00f3ri S\u00e1ndor alapnak \u00e9s Magyarorsz\u00e1g Korm\u00e1ny\u00e1nak.<\/p>\n\n\n\n<div style=\"height:25px\" aria-hidden=\"true\" class=\"wp-block-spacer\"><\/div>\n\n\n\n<p id=\"wnd_TextBlock_69472_inner_11\">Sopron, 2025. 10. 01.<\/p>\n","protected":false},"excerpt":{"rendered":"<p>Besz\u00e1mol\u00f3 CSSP-NEPTANC-MO-2022-0219 A 2022. \u00e9vi Cso\u00f3ri S\u00e1ndor P\u00e1ly\u00e1zat nagym\u00e9rt\u00e9kben hozz\u00e1j\u00e1rult egy\u00fcttes\u00fcnk szellemi b\u0151v\u00edt\u00e9s\u00e9hez. A 2022\/23-as tan\u00e9v \u0151szi f\u00e9l\u00e9v\u00e9t tagtoborz\u00f3 jelleg\u0171 t\u00e1nch\u00e1zzal kezdhett\u00fck, ahol moldvai t\u00e1ncokkal ismerkedhettek meg a r\u00e9sztvev\u0151k. Itt Jakabffy Bal\u00e1zs \u00e9s bar\u00e1tai zen\u00e9ltek. A zenekar d\u00edj\u00e1t a Cso\u00f3ri S\u00e1ndor P\u00e1ly\u00e1zat seg\u00edts\u00e9g\u00e9vel tudtuk kifizetni.A t\u00e1nch\u00e1znak k\u00f6sz\u00f6nhet\u0151en, egyes\u00fclet\u00fcnk \u00faj tagokkal b\u0151v\u00fclt. Az \u00dcrm\u00f6s T\u00e1nck\u00f6r m\u00e1jus [&hellip;]<\/p>\n","protected":false},"author":1,"featured_media":0,"parent":0,"menu_order":0,"comment_status":"closed","ping_status":"closed","template":"","meta":{"footnotes":""},"class_list":["post-23","page","type-page","status-publish","hentry"],"_links":{"self":[{"href":"https:\/\/www.urmostanckor.hu\/index.php?rest_route=\/wp\/v2\/pages\/23","targetHints":{"allow":["GET"]}}],"collection":[{"href":"https:\/\/www.urmostanckor.hu\/index.php?rest_route=\/wp\/v2\/pages"}],"about":[{"href":"https:\/\/www.urmostanckor.hu\/index.php?rest_route=\/wp\/v2\/types\/page"}],"author":[{"embeddable":true,"href":"https:\/\/www.urmostanckor.hu\/index.php?rest_route=\/wp\/v2\/users\/1"}],"replies":[{"embeddable":true,"href":"https:\/\/www.urmostanckor.hu\/index.php?rest_route=%2Fwp%2Fv2%2Fcomments&post=23"}],"version-history":[{"count":16,"href":"https:\/\/www.urmostanckor.hu\/index.php?rest_route=\/wp\/v2\/pages\/23\/revisions"}],"predecessor-version":[{"id":378,"href":"https:\/\/www.urmostanckor.hu\/index.php?rest_route=\/wp\/v2\/pages\/23\/revisions\/378"}],"wp:attachment":[{"href":"https:\/\/www.urmostanckor.hu\/index.php?rest_route=%2Fwp%2Fv2%2Fmedia&parent=23"}],"curies":[{"name":"wp","href":"https:\/\/api.w.org\/{rel}","templated":true}]}}