{"id":26,"date":"2025-08-30T19:42:54","date_gmt":"2025-08-30T17:42:54","guid":{"rendered":"https:\/\/www.urmostanckor.hu\/?page_id=26"},"modified":"2025-09-17T18:46:46","modified_gmt":"2025-09-17T16:46:46","slug":"tagok","status":"publish","type":"page","link":"https:\/\/www.urmostanckor.hu\/?page_id=26","title":{"rendered":"Tagok"},"content":{"rendered":"\n<div class=\"wp-block-group is-nowrap is-layout-flex wp-container-core-group-is-layout-ad2f72ca wp-block-group-is-layout-flex\">\n<figure class=\"wp-block-table is-style-stripes has-heading-font-family\" style=\"line-height:1.5\"><table class=\"has-fixed-layout\"><thead><tr><th class=\"has-text-align-center\" data-align=\"center\"><em>L\u00e1nyok<\/em><\/th><th class=\"has-text-align-center\" data-align=\"center\"><em>Fi\u00fak<\/em><\/th><\/tr><\/thead><tbody><tr><td class=\"has-text-align-center\" data-align=\"center\">Bencze Anna<\/td><td class=\"has-text-align-center\" data-align=\"center\">Bariska Bence<\/td><\/tr><tr><td class=\"has-text-align-center\" data-align=\"center\">Borsos D\u00f3ra<\/td><td class=\"has-text-align-center\" data-align=\"center\">Benke D\u00e9nes<\/td><\/tr><tr><td class=\"has-text-align-center\" data-align=\"center\">Br\u00e1nik Rebeka<\/td><td class=\"has-text-align-center\" data-align=\"center\">B\u00edr\u00f3 Gerg\u0151<\/td><\/tr><tr><td class=\"has-text-align-center\" data-align=\"center\">Csobot Gyop\u00e1r<\/td><td class=\"has-text-align-center\" data-align=\"center\">Botos Mikl\u00f3s<\/td><\/tr><tr><td class=\"has-text-align-center\" data-align=\"center\">Dibusz Liza<\/td><td class=\"has-text-align-center\" data-align=\"center\">Had\u00e1nics \u00c1ron<\/td><\/tr><tr><td class=\"has-text-align-center\" data-align=\"center\">\u00c9l\u0151 Csenge<\/td><td class=\"has-text-align-center\" data-align=\"center\">Kanizsay Botond<\/td><\/tr><tr><td class=\"has-text-align-center\" data-align=\"center\">Farkas Nikolett<\/td><td class=\"has-text-align-center\" data-align=\"center\">Kov\u00e1cs Krist\u00f3f<\/td><\/tr><tr><td class=\"has-text-align-center\" data-align=\"center\">Horv\u00e1th J\u00falia<\/td><td class=\"has-text-align-center\" data-align=\"center\">Kulcs\u00e1r Nazim<\/td><\/tr><tr><td class=\"has-text-align-center\" data-align=\"center\">Iv\u00e1nyi Anna<\/td><td class=\"has-text-align-center\" data-align=\"center\">Major Gergely<\/td><\/tr><tr><td class=\"has-text-align-center\" data-align=\"center\">Kancsal Bogl\u00e1rka<\/td><td class=\"has-text-align-center\" data-align=\"center\">M\u00e1t\u00e9 Levente<\/td><\/tr><tr><td class=\"has-text-align-center\" data-align=\"center\">Koncz Nikolett<\/td><td class=\"has-text-align-center\" data-align=\"center\">N\u00e9meth D\u00e1niel<\/td><\/tr><tr><td class=\"has-text-align-center\" data-align=\"center\">Kolozsi Kamilla<\/td><td class=\"has-text-align-center\" data-align=\"center\">Patocskai Gergely<\/td><\/tr><tr><td class=\"has-text-align-center\" data-align=\"center\">Lepenye Gerda Angyalka<\/td><td class=\"has-text-align-center\" data-align=\"center\">Simon M\u00e1ty\u00e1s<\/td><\/tr><tr><td class=\"has-text-align-center\" data-align=\"center\">Magyar Kati<\/td><td class=\"has-text-align-center\" data-align=\"center\">Sipos S\u00e1ndor<\/td><\/tr><tr><td class=\"has-text-align-center\" data-align=\"center\">M\u00e9sz\u00e1ros Lili<\/td><td class=\"has-text-align-center\" data-align=\"center\">Szab\u00f3 Bence S\u00e1ndor<\/td><\/tr><tr><td class=\"has-text-align-center\" data-align=\"center\">Nagy K\u00edra<\/td><td class=\"has-text-align-center\" data-align=\"center\"><\/td><\/tr><tr><td class=\"has-text-align-center\" data-align=\"center\">Pal\u00f3cs Bogl\u00e1rka<\/td><td class=\"has-text-align-center\" data-align=\"center\"><\/td><\/tr><tr><td class=\"has-text-align-center\" data-align=\"center\">Papp Luca Anna<\/td><td class=\"has-text-align-center\" data-align=\"center\"><\/td><\/tr><tr><td class=\"has-text-align-center\" data-align=\"center\">Paulics Laura<\/td><td class=\"has-text-align-center\" data-align=\"center\"><\/td><\/tr><tr><td class=\"has-text-align-center\" data-align=\"center\">P\u00e9k Nat\u00e1lia<\/td><td class=\"has-text-align-center\" data-align=\"center\"><\/td><\/tr><tr><td class=\"has-text-align-center\" data-align=\"center\">Szij\u00e1rt\u00f3 Izabella<\/td><td class=\"has-text-align-center\" data-align=\"center\"><\/td><\/tr><tr><td class=\"has-text-align-center\" data-align=\"center\">Tak\u00e1cs Petra<\/td><td class=\"has-text-align-center\" data-align=\"center\"><\/td><\/tr><tr><td class=\"has-text-align-center\" data-align=\"center\">Toldi Vir\u00e1g<\/td><td class=\"has-text-align-center\" data-align=\"center\"><\/td><\/tr><tr><td class=\"has-text-align-center\" data-align=\"center\">T\u00f3th Johanna<\/td><td class=\"has-text-align-center\" data-align=\"center\"><\/td><\/tr><tr><td class=\"has-text-align-center\" data-align=\"center\">T\u00f3th R\u00e9ka<\/td><td class=\"has-text-align-center\" data-align=\"center\"><\/td><\/tr><tr><td class=\"has-text-align-center\" data-align=\"center\">T\u00f6lgyesi J\u00falia<\/td><td class=\"has-text-align-center\" data-align=\"center\"><\/td><\/tr><\/tbody><\/table><\/figure>\n<\/div>\n\n\n\n<p><\/p>\n","protected":false},"excerpt":{"rendered":"<p>L\u00e1nyok Fi\u00fak Bencze Anna Bariska Bence Borsos D\u00f3ra Benke D\u00e9nes Br\u00e1nik Rebeka B\u00edr\u00f3 Gerg\u0151 Csobot Gyop\u00e1r Botos Mikl\u00f3s Dibusz Liza Had\u00e1nics \u00c1ron \u00c9l\u0151 Csenge Kanizsay Botond Farkas Nikolett Kov\u00e1cs Krist\u00f3f Horv\u00e1th J\u00falia Kulcs\u00e1r Nazim Iv\u00e1nyi Anna Major Gergely Kancsal Bogl\u00e1rka M\u00e1t\u00e9 Levente Koncz Nikolett N\u00e9meth D\u00e1niel Kolozsi Kamilla Patocskai Gergely Lepenye Gerda Angyalka Simon M\u00e1ty\u00e1s [&hellip;]<\/p>\n","protected":false},"author":1,"featured_media":0,"parent":0,"menu_order":0,"comment_status":"closed","ping_status":"closed","template":"templates\/template-page-full-width.php","meta":{"footnotes":""},"class_list":["post-26","page","type-page","status-publish","hentry"],"_links":{"self":[{"href":"https:\/\/www.urmostanckor.hu\/index.php?rest_route=\/wp\/v2\/pages\/26","targetHints":{"allow":["GET"]}}],"collection":[{"href":"https:\/\/www.urmostanckor.hu\/index.php?rest_route=\/wp\/v2\/pages"}],"about":[{"href":"https:\/\/www.urmostanckor.hu\/index.php?rest_route=\/wp\/v2\/types\/page"}],"author":[{"embeddable":true,"href":"https:\/\/www.urmostanckor.hu\/index.php?rest_route=\/wp\/v2\/users\/1"}],"replies":[{"embeddable":true,"href":"https:\/\/www.urmostanckor.hu\/index.php?rest_route=%2Fwp%2Fv2%2Fcomments&post=26"}],"version-history":[{"count":20,"href":"https:\/\/www.urmostanckor.hu\/index.php?rest_route=\/wp\/v2\/pages\/26\/revisions"}],"predecessor-version":[{"id":314,"href":"https:\/\/www.urmostanckor.hu\/index.php?rest_route=\/wp\/v2\/pages\/26\/revisions\/314"}],"wp:attachment":[{"href":"https:\/\/www.urmostanckor.hu\/index.php?rest_route=%2Fwp%2Fv2%2Fmedia&parent=26"}],"curies":[{"name":"wp","href":"https:\/\/api.w.org\/{rel}","templated":true}]}}